{"id":29595,"date":"2022-11-24T10:34:08","date_gmt":"2022-11-24T09:34:08","guid":{"rendered":"https:\/\/profilinc.com\/es\/?page_id=29595"},"modified":"2022-11-24T11:02:36","modified_gmt":"2022-11-24T10:02:36","slug":"cursos-a-distancia","status":"publish","type":"page","link":"https:\/\/profilinc.com\/es\/cursos-a-distancia\/","title":{"rendered":"Cursos a distancia"},"content":{"rendered":"<p>[et_pb_section fb_built=\u00bb1&#8243; fullwidth=\u00bbon\u00bb custom_padding_last_edited=\u00bbon|phone\u00bb admin_label=\u00bbHeader Section\u00bb _builder_version=\u00bb4.16&#8243; background_enable_color=\u00bboff\u00bb background_image=\u00bbhttps:\/\/profilinc.com\/es\/wp-content\/uploads\/sites\/5\/2022\/11\/bg-cerveau-2.png\u00bb parallax=\u00bbon\u00bb custom_margin_tablet=\u00bb\u00bb custom_margin_phone=\u00bb\u00bb custom_margin_last_edited=\u00bbon|phone\u00bb custom_padding_tablet=\u00bb\u00bb custom_padding_phone=\u00bb\u00bb top_divider_color=\u00bbrgba(255,255,255,0.6)\u00bb top_divider_height=\u00bb30%\u00bb global_colors_info=\u00bb{}\u00bb][et_pb_fullwidth_header title=\u00bbCURSOS A DISTANCIA\u00bb text_orientation=\u00bbcenter\u00bb button_one_text=\u00bbDescargar el programa\u00bb button_one_url=\u00bbhttps:\/\/profilinc.com\/wp-content\/uploads\/2021\/02\/INC_Programme-profilINC_non-praticien_100distanciel.pdf\u00bb module_id=\u00bbformezvous\u00bb _builder_version=\u00bb4.19.1&#8243; title_level=\u00bbh2&#8243; title_font=\u00bbLato|||on|||||\u00bb title_text_color=\u00bb#02485d\u00bb title_font_size=\u00bb36px\u00bb title_letter_spacing=\u00bb5px\u00bb title_line_height=\u00bb2em\u00bb content_font=\u00bbLato||||||||\u00bb content_font_size=\u00bb18px\u00bb content_line_height=\u00bb2em\u00bb subhead_font=\u00bbRubik|700|||||||\u00bb subhead_text_color=\u00bbrgba(0,0,0,0.8)\u00bb subhead_font_size=\u00bb50px\u00bb subhead_line_height=\u00bb1.4em\u00bb background_enable_color=\u00bboff\u00bb use_background_color_gradient=\u00bbon\u00bb background_color_gradient_stops=\u00bbrgba(252,155,0,0.52) 0%|rgba(252,155,0,0.85) 60%\u00bb background_color_gradient_start=\u00bbrgba(252,155,0,0.52)\u00bb background_color_gradient_end=\u00bbrgba(252,155,0,0.85)\u00bb background_color_gradient_end_position=\u00bb60%\u00bb background_enable_image=\u00bboff\u00bb background_size=\u00bbcontain\u00bb background_position=\u00bbbottom_center\u00bb custom_button_two=\u00bbon\u00bb button_two_text_size=\u00bb16px\u00bb button_two_text_color=\u00bb#ffffff\u00bb button_two_bg_color=\u00bbrgba(0,0,0,0.6)\u00bb button_two_border_width=\u00bb15px\u00bb button_two_border_color=\u00bbrgba(210,159,104,0)\u00bb button_two_border_radius=\u00bb100px\u00bb button_two_letter_spacing=\u00bb0px\u00bb button_two_font=\u00bbRubik|700|||||||\u00bb button_two_use_icon=\u00bboff\u00bb background_layout=\u00bblight\u00bb custom_margin=\u00bb|||\u00bb custom_padding=\u00bb5vw||2vw||false|false\u00bb animation_style=\u00bbfade\u00bb animation_direction=\u00bbbottom\u00bb animation_duration=\u00bb1300ms\u00bb link_option_url_new_window=\u00bbon\u00bb title_font_tablet=\u00bb\u00bb title_font_phone=\u00bb\u00bb title_font_last_edited=\u00bbon|phone\u00bb title_text_align_tablet=\u00bb\u00bb title_text_align_phone=\u00bb\u00bb title_text_align_last_edited=\u00bbon|phone\u00bb title_font_size_tablet=\u00bb\u00bb title_font_size_phone=\u00bb\u00bb title_font_size_last_edited=\u00bbon|phone\u00bb title_letter_spacing_tablet=\u00bb\u00bb title_letter_spacing_phone=\u00bb\u00bb title_letter_spacing_last_edited=\u00bbon|phone\u00bb title_line_height_tablet=\u00bb\u00bb title_line_height_phone=\u00bb\u00bb title_line_height_last_edited=\u00bbon|desktop\u00bb content_font_size_tablet=\u00bb\u00bb content_font_size_phone=\u00bb16px\u00bb content_font_size_last_edited=\u00bbon|phone\u00bb subhead_font_size_tablet=\u00bb\u00bb subhead_font_size_phone=\u00bb30px\u00bb subhead_font_size_last_edited=\u00bbon|phone\u00bb box_shadow_style=\u00bbpreset6&#8243; box_shadow_vertical=\u00bb-10px\u00bb box_shadow_color=\u00bbrgba(0,0,0,0.2)\u00bb button_one_border_radius_hover=\u00bb100px\u00bb button_two_border_radius_hover=\u00bb100px\u00bb button_one_bg_color_hover=\u00bb#ff8a70&#8243; button_two_bg_color_hover=\u00bb#ff8a70&#8243; global_colors_info=\u00bb{}\u00bb button_one_text_size__hover_enabled=\u00bboff\u00bb button_two_text_size__hover_enabled=\u00bboff\u00bb button_one_text_color__hover_enabled=\u00bboff\u00bb button_two_text_color__hover_enabled=\u00bboff\u00bb button_one_border_width__hover_enabled=\u00bboff\u00bb button_two_border_width__hover_enabled=\u00bboff\u00bb button_one_border_color__hover_enabled=\u00bboff\u00bb button_two_border_color__hover_enabled=\u00bboff\u00bb button_one_border_radius__hover_enabled=\u00bbon\u00bb button_one_border_radius__hover=\u00bb100px\u00bb button_two_border_radius__hover_enabled=\u00bbon\u00bb button_two_border_radius__hover=\u00bb100px\u00bb button_one_letter_spacing__hover_enabled=\u00bboff\u00bb button_two_letter_spacing__hover_enabled=\u00bboff\u00bb button_one_bg_color__hover_enabled=\u00bbon\u00bb button_one_bg_color__hover=\u00bb#ff8a70&#8243; button_two_bg_color__hover_enabled=\u00bbon\u00bb button_two_bg_color__hover=\u00bb#ff8a70&#8243;]<\/p>\n<p><strong>\u00bfTe gustar\u00eda enriquecer tu pr\u00e1ctica en asesoramiento individual y coaching? \u00bfDeseas desplegar una soluci\u00f3n en tu empresa que integre profil\u2019INC?<\/strong><\/p>\n<p><strong>El INC ofrece un programa de certificaci\u00f3n de profil\u2019INC de cuatro d\u00edas y medio de duraci\u00f3n que combina formaci\u00f3n y aulas virtuales:<\/strong><\/p>\n<p>[\/et_pb_fullwidth_header][\/et_pb_section][et_pb_section fb_built=\u00bb1&#8243; custom_padding_last_edited=\u00bboff|desktop\u00bb background_color_gradient_stops_1=\u00bb#2b87da 0%|#c7cbd4 100%\u00bb background_color_gradient_end_1=\u00bb#c7cbd4&#8243; admin_label=\u00bbTwo CTA Section\u00bb _builder_version=\u00bb4.16&#8243; custom_padding=\u00bb0px||0px||true\u00bb custom_padding_tablet=\u00bb20px||10px|\u00bb global_colors_info=\u00bb{}\u00bb][et_pb_row column_structure=\u00bb1_2,1_2&#8243; use_custom_gutter=\u00bbon\u00bb gutter_width=\u00bb1&#8243; make_equal=\u00bbon\u00bb padding_top_bottom_link_1=\u00bbtrue\u00bb padding_top_bottom_link_2=\u00bbtrue\u00bb admin_label=\u00bbTwo CTA Row\u00bb module_class=\u00bb et_pb_row_fullwidth\u00bb _builder_version=\u00bb4.19.1&#8243; width=\u00bb100%\u00bb width_tablet=\u00bb100%\u00bb width_phone=\u00bb\u00bb width_last_edited=\u00bbon|desktop\u00bb max_width=\u00bb100%\u00bb max_width_tablet=\u00bb100%\u00bb max_width_phone=\u00bb\u00bb max_width_last_edited=\u00bbon|desktop\u00bb custom_padding=\u00bb0px|0px|0px|0px\u00bb hover_enabled=\u00bb0&#8243; make_fullwidth=\u00bbon\u00bb global_colors_info=\u00bb{}\u00bb sticky_enabled=\u00bb0&#8243;][et_pb_column type=\u00bb1_2&#8243; _builder_version=\u00bb4.16&#8243; use_background_color_gradient=\u00bbon\u00bb background_color_gradient_direction=\u00bb90deg\u00bb background_color_gradient_stops=\u00bbrgba(2,72,93,0.6) 0%|#02485d 91%\u00bb background_color_gradient_overlays_image=\u00bbon\u00bb background_color_gradient_start=\u00bbrgba(2,72,93,0.6)\u00bb background_color_gradient_end=\u00bb#02485d\u00bb background_color_gradient_end_position=\u00bb91%\u00bb background_image=\u00bbhttps:\/\/profilinc.com\/es\/wp-content\/uploads\/sites\/5\/2022\/11\/eiffel.jpg\u00bb custom_padding=\u00bb120px|80px|120px|10%\u00bb custom_padding_tablet=\u00bb|10%||10%||true\u00bb custom_padding_phone=\u00bb\u00bb custom_padding_last_edited=\u00bbon|tablet\u00bb global_colors_info=\u00bb{}\u00bb padding_tablet=\u00bb|10%||10%||true\u00bb padding_last_edited=\u00bbon|tablet\u00bb custom_padding__hover=\u00bb|||\u00bb padding_phone=\u00bb|10%||10%||true\u00bb][et_pb_text _builder_version=\u00bb4.19.1&#8243; _module_preset=\u00bbdefault\u00bb text_text_color=\u00bb#FFFFFF\u00bb header_2_font_size=\u00bb40px\u00bb global_colors_info=\u00bb{}\u00bb]<\/p>\n<h2 style=\"text-align: center; padding-bottom: 30px;\">CONTACTO EN FRANCIA<\/h2>\n<p style=\"text-align: center;\"><a href=\"mailto:sabrina.lefebure@inc-eu.team\" style=\"color: #fff;\">sabrina.lefebure@inc-eu.team<\/a><br \/>+33 7 60 53 28 22<\/p>\n<p>[\/et_pb_text][et_pb_button button_url=\u00bbhttps:\/\/profilinc.com\/wp-content\/uploads\/2022\/05\/BI-2022_ProfilINC-non-praticien.pdf\u00bb url_new_window=\u00bbon\u00bb button_text=\u00bbBoletin\u00bb button_alignment=\u00bbcenter\u00bb _builder_version=\u00bb4.19.1&#8243; _module_preset=\u00bbdefault\u00bb custom_button=\u00bbon\u00bb button_text_color=\u00bb#fc9b00&#8243; button_border_color=\u00bb#fc9b00&#8243; custom_margin=\u00bb20px||||false|false\u00bb custom_padding=\u00bb||||false|false\u00bb global_colors_info=\u00bb{}\u00bb][\/et_pb_button][\/et_pb_column][et_pb_column type=\u00bb1_2&#8243; _builder_version=\u00bb4.19.1&#8243; use_background_color_gradient=\u00bbon\u00bb background_color_gradient_direction=\u00bb90deg\u00bb background_color_gradient_stops=\u00bb#fc9b00 30%|rgba(252,155,0,0.6) 100%\u00bb background_color_gradient_overlays_image=\u00bbon\u00bb background_color_gradient_start=\u00bb#fc9b00&#8243; background_color_gradient_start_position=\u00bb30%\u00bb background_color_gradient_end=\u00bbrgba(252,155,0,0.6)\u00bb background_image=\u00bbhttp:\/\/profilinc.com\/es\/wp-content\/uploads\/sites\/5\/2022\/11\/espagne.jpg\u00bb custom_padding=\u00bb120px|10%|120px|80px\u00bb custom_padding_tablet=\u00bb|10%||10%||true\u00bb custom_padding_phone=\u00bb\u00bb custom_padding_last_edited=\u00bbon|tablet\u00bb hover_enabled=\u00bb0&#8243; global_colors_info=\u00bb{}\u00bb padding_tablet=\u00bb|10%||10%||true\u00bb padding_last_edited=\u00bbon|tablet\u00bb custom_padding__hover=\u00bb|||\u00bb padding_phone=\u00bb|10%||10%||true\u00bb title_text=\u00bbespagne\u00bb sticky_enabled=\u00bb0&#8243;][et_pb_text _builder_version=\u00bb4.19.1&#8243; _module_preset=\u00bbdefault\u00bb text_text_color=\u00bb#FFFFFF\u00bb header_2_text_color=\u00bb#02485d\u00bb header_2_font_size=\u00bb40px\u00bb global_colors_info=\u00bb{}\u00bb]<\/p>\n<h2 style=\"text-align: center; padding-bottom: 30px;\">CONTACTO EN ESPA\u00d1A<\/h2>\n<p style=\"text-align: center;\"><a href=\"mailto:h.demontard@cogni.team\" style=\"color: #fff;\">h.demontard@cogni.team<\/a><br \/>+34 659 746 033<br \/><a href=\"mailto:m.montreuil@cogni.team\" style=\"color: #fff;\">m.montreuil@cogni.team<\/a><\/p>\n<p>[\/et_pb_text][et_pb_button button_url=\u00bbhttps:\/\/profilinc.com\/wp-content\/uploads\/2021\/02\/INCBE_Bulletin-profilINC_2021_FR.pdf\u00bb url_new_window=\u00bbon\u00bb button_text=\u00bbBoletin\u00bb button_alignment=\u00bbcenter\u00bb _builder_version=\u00bb4.19.1&#8243; _module_preset=\u00bbdefault\u00bb custom_margin=\u00bb20px||||false|false\u00bb global_colors_info=\u00bb{}\u00bb][\/et_pb_button][\/et_pb_column][\/et_pb_row][\/et_pb_section][et_pb_section fb_built=\u00bb1&#8243; admin_label=\u00bbOur Mission\u00bb _builder_version=\u00bb4.16&#8243; use_background_color_gradient=\u00bbon\u00bb background_color_gradient_stops=\u00bbrgba(233,239,243,0) 0%|#e9eff3 100%\u00bb background_color_gradient_start=\u00bbrgba(233,239,243,0)\u00bb background_color_gradient_end=\u00bb#e9eff3&#8243; background_image=\u00bbhttps:\/\/profilinc.com\/es\/wp-content\/uploads\/sites\/5\/2022\/11\/cerveau.jpg\u00bb parallax=\u00bbon\u00bb custom_padding=\u00bb54px|0px|80px|0px|false|false\u00bb global_colors_info=\u00bb{}\u00bb][et_pb_row admin_label=\u00bbMission Row\u00bb _builder_version=\u00bb4.16&#8243; locked=\u00bboff\u00bb global_colors_info=\u00bb{}\u00bb][et_pb_column type=\u00bb4_4&#8243; _builder_version=\u00bb4.16&#8243; custom_padding=\u00bb|||\u00bb global_colors_info=\u00bb{}\u00bb custom_padding__hover=\u00bb|||\u00bb][et_pb_text _builder_version=\u00bb4.19.1&#8243; text_font=\u00bbRubik|500|||||||\u00bb text_line_height=\u00bb2em\u00bb header_font=\u00bb||||||||\u00bb header_2_font=\u00bbRubik|700|||||||\u00bb header_2_font_size=\u00bb40px\u00bb header_2_line_height=\u00bb1.4em\u00bb header_5_font=\u00bbRubik|700||on|||||\u00bb header_5_text_color=\u00bb#2b76df\u00bb header_5_letter_spacing=\u00bb5px\u00bb header_5_line_height=\u00bb1.5em\u00bb text_orientation=\u00bbcenter\u00bb max_width=\u00bb700px\u00bb module_alignment=\u00bbcenter\u00bb custom_margin=\u00bb|||\u00bb custom_margin_tablet=\u00bb0px|||\u00bb custom_margin_last_edited=\u00bboff|desktop\u00bb text_line_height_last_edited=\u00bboff|desktop\u00bb header_2_font_size_tablet=\u00bb\u00bb header_2_font_size_phone=\u00bb30px\u00bb header_2_font_size_last_edited=\u00bbon|phone\u00bb global_colors_info=\u00bb{}\u00bb]<\/p>\n<h2><\/h2>\n<p>Tambi\u00e9n puedes seguir un curso de certificaci\u00f3n espec\u00edfico (de dos d\u00edas y medio, a distancia) al finalizar tu formaci\u00f3n en los fundamentos del Enfoque Neurocognitivo-Conductual.<\/p>\n<p>[\/et_pb_text][et_pb_text _builder_version=\u00bb4.19.1&#8243; _module_preset=\u00bbdefault\u00bb header_3_text_color=\u00bb#fc9b00&#8243; global_colors_info=\u00bb{}\u00bb]<\/p>\n<h3 style=\"text-align: center;\">Para saber m\u00e1s sobre nuestros cursos<\/h3>\n<p style=\"text-align: center;\">Para Francia, contacta con Sabrina Lefebure:<\/p>\n<p style=\"text-align: center;\"><a href=\"mailto:sabrina.lefebure@inc-eu.team\">sabrina.lefebure@inc-eu.team<\/a><br \/>\n+33 7 60 53 28 22<\/p>\n<p style=\"text-align: center;\">Para Espa\u00f1a, contacta con Hugues de Montard:<\/p>\n<p style=\"text-align: center;\"><a href=\"mailto:h.demontard@cogni.team \">h.demontard@cogni.team<br \/>\n<\/a>+34 659 746 033<br \/>\n<a href=\"mailto:m.montreuil@cogni.team\">m.montreuil@cogni.team<br \/>\n<\/a><\/p>\n<p>[\/et_pb_text][\/et_pb_column][\/et_pb_row][\/et_pb_section]<\/p>\n","protected":false},"excerpt":{"rendered":"<p>\u00bfTe gustar\u00eda enriquecer tu pr\u00e1ctica en asesoramiento individual y coaching? \u00bfDeseas desplegar una soluci\u00f3n en tu empresa que integre profil\u2019INC? El INC ofrece un programa de certificaci\u00f3n de profil\u2019INC de cuatro d\u00edas y medio de duraci\u00f3n que combina formaci\u00f3n y aulas virtuales:CONTACTO EN FRANCIA sabrina.lefebure@inc-eu.team+33 7 60 53 28 22CONTACTO EN ESPA\u00d1A h.demontard@cogni.team+34 659 746 [&hellip;]<\/p>\n","protected":false},"author":1,"featured_media":0,"parent":0,"menu_order":0,"comment_status":"closed","ping_status":"closed","template":"","meta":{"_et_pb_use_builder":"on","_et_pb_old_content":"","_et_gb_content_width":"","footnotes":""},"_links":{"self":[{"href":"https:\/\/profilinc.com\/es\/wp-json\/wp\/v2\/pages\/29595"}],"collection":[{"href":"https:\/\/profilinc.com\/es\/wp-json\/wp\/v2\/pages"}],"about":[{"href":"https:\/\/profilinc.com\/es\/wp-json\/wp\/v2\/types\/page"}],"author":[{"embeddable":true,"href":"https:\/\/profilinc.com\/es\/wp-json\/wp\/v2\/users\/1"}],"replies":[{"embeddable":true,"href":"https:\/\/profilinc.com\/es\/wp-json\/wp\/v2\/comments?post=29595"}],"version-history":[{"count":3,"href":"https:\/\/profilinc.com\/es\/wp-json\/wp\/v2\/pages\/29595\/revisions"}],"predecessor-version":[{"id":29599,"href":"https:\/\/profilinc.com\/es\/wp-json\/wp\/v2\/pages\/29595\/revisions\/29599"}],"wp:attachment":[{"href":"https:\/\/profilinc.com\/es\/wp-json\/wp\/v2\/media?parent=29595"}],"curies":[{"name":"wp","href":"https:\/\/api.w.org\/{rel}","templated":true}]}}