{"id":29559,"date":"2022-11-23T17:26:45","date_gmt":"2022-11-23T16:26:45","guid":{"rendered":"https:\/\/profilinc.com\/es\/?page_id=29559"},"modified":"2022-11-23T17:29:55","modified_gmt":"2022-11-23T16:29:55","slug":"soluciones","status":"publish","type":"page","link":"https:\/\/profilinc.com\/es\/soluciones\/","title":{"rendered":"Soluciones"},"content":{"rendered":"<p>[et_pb_section fb_built=\u00bb1&#8243; admin_label=\u00bbHero\u00bb _builder_version=\u00bb4.16&#8243; use_background_color_gradient=\u00bbon\u00bb background_color_gradient_direction=\u00bb60deg\u00bb background_color_gradient_stops=\u00bb#02485d 20%|#fc9b00 100%\u00bb background_color_gradient_start=\u00bb#02485d\u00bb background_color_gradient_start_position=\u00bb20%\u00bb background_color_gradient_end=\u00bb#fc9b00&#8243; custom_padding=\u00bb|0px||0px|false|false\u00bb global_colors_info=\u00bb{}\u00bb][et_pb_row _builder_version=\u00bb4.16&#8243; custom_padding=\u00bb|||\u00bb global_colors_info=\u00bb{}\u00bb][et_pb_column type=\u00bb4_4&#8243; _builder_version=\u00bb4.16&#8243; custom_padding=\u00bb||||false|false\u00bb global_colors_info=\u00bb{}\u00bb custom_padding__hover=\u00bb|||\u00bb][et_pb_text _builder_version=\u00bb4.19.1&#8243; text_font=\u00bb|600|||||||\u00bb header_font=\u00bb||||||||\u00bb header_text_color=\u00bb#fc9b00&#8243; header_font_size=\u00bb40px\u00bb header_line_height=\u00bb1.4em\u00bb background_layout=\u00bbdark\u00bb hover_enabled=\u00bb0&#8243; global_colors_info=\u00bb{}\u00bb sticky_enabled=\u00bb0&#8243;]<\/p>\n<h1>Soluciones<\/h1>\n<p>\u00bfEres un profesional del coaching? \u00bfTrabajas en selecci\u00f3n y contrataci\u00f3n de personal? \u00bfIntegras un equipo de RRHH y gestionas el talento? \u00bfEres formador?<br \/>\nDescubre por qu\u00e9 profil&#8217;INC cumple tus expectativas:<br \/>\n[\/et_pb_text][\/et_pb_column][\/et_pb_row][\/et_pb_section][et_pb_section fb_built=\u00bb1&#8243; admin_label=\u00bbsection\u00bb _builder_version=\u00bb4.16&#8243; custom_padding=\u00bb0px|0px|35px|0px|false|false\u00bb transparent_background=\u00bboff\u00bb make_fullwidth=\u00bboff\u00bb use_custom_width=\u00bboff\u00bb width_unit=\u00bboff\u00bb custom_width_px=\u00bb1080px\u00bb custom_width_percent=\u00bb80%\u00bb global_colors_info=\u00bb{}\u00bb][et_pb_row column_structure=\u00bb1_2,1_2&#8243; use_custom_gutter=\u00bbon\u00bb gutter_width=\u00bb1&#8243; admin_label=\u00bbrow\u00bb module_class=\u00bb et_pb_row_fullwidth\u00bb _builder_version=\u00bb4.16&#8243; background_size=\u00bbinitial\u00bb background_position=\u00bbtop_left\u00bb background_repeat=\u00bbrepeat\u00bb width=\u00bb100%\u00bb width_tablet=\u00bb100%\u00bb width_phone=\u00bb\u00bb width_last_edited=\u00bbon|desktop\u00bb max_width=\u00bb100%\u00bb max_width_tablet=\u00bb100%\u00bb max_width_phone=\u00bb\u00bb max_width_last_edited=\u00bbon|desktop\u00bb custom_padding=\u00bb0px|0px|0px|0px\u00bb make_fullwidth=\u00bbon\u00bb use_custom_width=\u00bboff\u00bb width_unit=\u00bboff\u00bb custom_width_px=\u00bb1080px\u00bb custom_width_percent=\u00bb80%\u00bb global_colors_info=\u00bb{}\u00bb][et_pb_column type=\u00bb1_2&#8243; _builder_version=\u00bb4.16&#8243; custom_padding=\u00bb|||\u00bb global_colors_info=\u00bb{}\u00bb custom_padding__hover=\u00bb|||\u00bb][et_pb_image src=\u00bbhttp:\/\/profilinc.com\/es\/wp-content\/uploads\/sites\/5\/2022\/11\/professionnel.jpg\u00bb title_text=\u00bbprofessionnel\u00bb force_fullwidth=\u00bbon\u00bb align_tablet=\u00bbcenter\u00bb align_phone=\u00bb\u00bb align_last_edited=\u00bbon|desktop\u00bb admin_label=\u00bbImage\u00bb _builder_version=\u00bb4.16&#8243; animation_style=\u00bbslide\u00bb animation_direction=\u00bbleft\u00bb animation_duration=\u00bb500ms\u00bb animation_intensity_slide=\u00bb10%\u00bb use_border_color=\u00bboff\u00bb border_color=\u00bb#ffffff\u00bb border_width=\u00bb1px\u00bb border_style=\u00bbsolid\u00bb sticky=\u00bboff\u00bb always_center_on_mobile=\u00bbon\u00bb global_colors_info=\u00bb{}\u00bb] [\/et_pb_image][\/et_pb_column][et_pb_column type=\u00bb1_2&#8243; _builder_version=\u00bb4.16&#8243; custom_padding=\u00bb|||\u00bb global_colors_info=\u00bb{}\u00bb custom_padding__hover=\u00bb|||\u00bb][et_pb_text admin_label=\u00bbTexte\u00bb _builder_version=\u00bb4.19.1&#8243; text_font_size=\u00bb17px\u00bb text_line_height=\u00bb1.5em\u00bb background_size=\u00bbinitial\u00bb background_position=\u00bbtop_left\u00bb background_repeat=\u00bbrepeat\u00bb custom_margin=\u00bb|||\u00bb custom_padding=\u00bb90px|130px|90px|130px\u00bb custom_padding_tablet=\u00bb90px|100px|90px|100px\u00bb custom_padding_phone=\u00bb90px|40px|90px|40px\u00bb custom_padding_last_edited=\u00bbon|phone\u00bb hover_enabled=\u00bb0&#8243; use_border_color=\u00bboff\u00bb border_style=\u00bbsolid\u00bb global_colors_info=\u00bb{}\u00bb sticky_enabled=\u00bb0&#8243;]<\/p>\n<h1>\u00a0<img loading=\"lazy\" decoding=\"async\" src=\"http:\/\/profilinc.com\/es\/wp-content\/uploads\/sites\/5\/2022\/11\/professionnels-accompagnement.png\" width=\"100\" height=\"100\" alt=\"\" class=\"wp-image-29169 alignnone size-full\" \/><\/h1>\n<p>&nbsp;<\/p>\n<h2>Profesional del coaching<\/h2>\n<p>Con profil&#8217;INC, <strong>descubre el talento<\/strong>, refuerza <strong>las competencias<\/strong>, <strong>proporciona dinamismo<\/strong> y motivaci\u00f3n, y <strong>devuelve el sentido a <\/strong>la trayectoria profesional:<\/p>\n<ul>\n<li><em>Coaching<\/em><\/li>\n<li>Evaluaci\u00f3n de competencias<\/li>\n<li><em>Outplacement<\/em> y movilidad externa<\/li>\n<li>Reconversi\u00f3n profesional<\/li>\n<li>Prevenci\u00f3n del desgaste profesional (burn out) y los riesgos psicosociales<\/li>\n<\/ul>\n<p>[\/et_pb_text][\/et_pb_column][\/et_pb_row][et_pb_row column_structure=\u00bb1_2,1_2&#8243; use_custom_gutter=\u00bbon\u00bb gutter_width=\u00bb1&#8243; admin_label=\u00bbrow\u00bb module_class=\u00bb et_pb_row_fullwidth\u00bb _builder_version=\u00bb4.16&#8243; background_size=\u00bbinitial\u00bb background_position=\u00bbtop_left\u00bb background_repeat=\u00bbrepeat\u00bb width=\u00bb100%\u00bb width_tablet=\u00bb100%\u00bb width_phone=\u00bb\u00bb width_last_edited=\u00bbon|desktop\u00bb max_width=\u00bb100%\u00bb max_width_tablet=\u00bb100%\u00bb max_width_phone=\u00bb\u00bb max_width_last_edited=\u00bbon|desktop\u00bb custom_padding=\u00bb0px|0px|0px|0px\u00bb make_fullwidth=\u00bbon\u00bb use_custom_width=\u00bboff\u00bb width_unit=\u00bboff\u00bb custom_width_px=\u00bb1080px\u00bb custom_width_percent=\u00bb80%\u00bb global_colors_info=\u00bb{}\u00bb][et_pb_column type=\u00bb1_2&#8243; _builder_version=\u00bb4.16&#8243; custom_padding=\u00bb|||\u00bb global_colors_info=\u00bb{}\u00bb custom_padding__hover=\u00bb|||\u00bb][et_pb_text admin_label=\u00bbTexte\u00bb _builder_version=\u00bb4.19.1&#8243; text_font_size=\u00bb17px\u00bb text_line_height=\u00bb1.5em\u00bb background_size=\u00bbinitial\u00bb background_position=\u00bbtop_left\u00bb background_repeat=\u00bbrepeat\u00bb custom_padding=\u00bb90px|130px|90px|130px\u00bb custom_padding_tablet=\u00bb0px|100px|90px|100px\u00bb custom_padding_phone=\u00bb0px|40px|90px|40px\u00bb custom_padding_last_edited=\u00bbon|phone\u00bb hover_enabled=\u00bb0&#8243; use_border_color=\u00bboff\u00bb border_style=\u00bbsolid\u00bb global_colors_info=\u00bb{}\u00bb sticky_enabled=\u00bb0&#8243;]<\/p>\n<h1><img loading=\"lazy\" decoding=\"async\" src=\"http:\/\/profilinc.com\/es\/wp-content\/uploads\/sites\/5\/2022\/11\/professionnels-recrutement.png\" width=\"100\" height=\"100\" alt=\"\" class=\"wp-image-29167 alignnone size-full\" \/><\/h1>\n<p>&nbsp;<\/p>\n<h2>Profesional de la selecci\u00f3n de personal<\/h2>\n<p>Evita la \u00abclonaci\u00f3n\u00bb y <strong>destaca la singularidad de los candidatos<\/strong>.<\/p>\n<p>Identifica a los candidatos con la <strong>din\u00e1mica de comportamiento <\/strong>(adaptaci\u00f3n, resiliencia, motivaci\u00f3n, asertividad, etc.) <strong>m\u00e1s compatible con el perfil del puesto y la cultura de la empresa<\/strong>.<\/p>\n<p>[\/et_pb_text][\/et_pb_column][et_pb_column type=\u00bb1_2&#8243; _builder_version=\u00bb4.16&#8243; custom_padding=\u00bb|||\u00bb global_colors_info=\u00bb{}\u00bb custom_padding__hover=\u00bb|||\u00bb][et_pb_image src=\u00bbhttp:\/\/profilinc.com\/es\/wp-content\/uploads\/sites\/5\/2022\/11\/recrutement.jpg\u00bb title_text=\u00bbrecrutement\u00bb align=\u00bbcenter\u00bb force_fullwidth=\u00bbon\u00bb align_tablet=\u00bbcenter\u00bb align_phone=\u00bb\u00bb align_last_edited=\u00bbon|desktop\u00bb admin_label=\u00bbImage\u00bb _builder_version=\u00bb4.16&#8243; animation_style=\u00bbslide\u00bb animation_direction=\u00bbright\u00bb animation_duration=\u00bb500ms\u00bb animation_intensity_slide=\u00bb10%\u00bb use_border_color=\u00bboff\u00bb border_color=\u00bb#ffffff\u00bb border_width=\u00bb1px\u00bb border_style=\u00bbsolid\u00bb animation=\u00bbright\u00bb sticky=\u00bboff\u00bb always_center_on_mobile=\u00bbon\u00bb global_colors_info=\u00bb{}\u00bb] [\/et_pb_image][\/et_pb_column][\/et_pb_row][et_pb_row column_structure=\u00bb1_2,1_2&#8243; use_custom_gutter=\u00bbon\u00bb gutter_width=\u00bb1&#8243; admin_label=\u00bbrow\u00bb module_class=\u00bb et_pb_row_fullwidth\u00bb _builder_version=\u00bb4.16&#8243; background_size=\u00bbinitial\u00bb background_position=\u00bbtop_left\u00bb background_repeat=\u00bbrepeat\u00bb width=\u00bb100%\u00bb width_tablet=\u00bb100%\u00bb width_phone=\u00bb\u00bb width_last_edited=\u00bbon|desktop\u00bb max_width=\u00bb100%\u00bb max_width_tablet=\u00bb100%\u00bb max_width_phone=\u00bb\u00bb max_width_last_edited=\u00bbon|desktop\u00bb custom_margin=\u00bb|||\u00bb custom_padding=\u00bb0px|0px|0px|0px\u00bb make_fullwidth=\u00bbon\u00bb use_custom_width=\u00bboff\u00bb width_unit=\u00bboff\u00bb custom_width_px=\u00bb1080px\u00bb custom_width_percent=\u00bb80%\u00bb global_colors_info=\u00bb{}\u00bb][et_pb_column type=\u00bb1_2&#8243; _builder_version=\u00bb4.16&#8243; custom_padding=\u00bb0px     |                  | 0px |\u00bb global_colors_info=\u00bb{}\u00bb custom_padding__hover=\u00bb|||\u00bb][et_pb_image src=\u00bbhttp:\/\/profilinc.com\/es\/wp-content\/uploads\/sites\/5\/2022\/11\/Talent-.png\u00bb title_text=\u00bbTalent-\u00bb force_fullwidth=\u00bbon\u00bb align_tablet=\u00bbcenter\u00bb align_phone=\u00bb\u00bb align_last_edited=\u00bbon|desktop\u00bb admin_label=\u00bbImage\u00bb _builder_version=\u00bb4.16&#8243; animation_style=\u00bbslide\u00bb animation_direction=\u00bbleft\u00bb animation_duration=\u00bb500ms\u00bb animation_intensity_slide=\u00bb10%\u00bb use_border_color=\u00bboff\u00bb border_color=\u00bb#ffffff\u00bb border_width=\u00bb1px\u00bb border_style=\u00bbsolid\u00bb sticky=\u00bboff\u00bb always_center_on_mobile=\u00bbon\u00bb global_colors_info=\u00bb{}\u00bb] [\/et_pb_image][\/et_pb_column][et_pb_column type=\u00bb1_2&#8243; _builder_version=\u00bb4.16&#8243; custom_padding=\u00bb      |        |    |\u00bb custom_padding_tablet=\u00bb\u00bb custom_padding_phone=\u00bb\u00bb custom_padding_last_edited=\u00bbon|desktop\u00bb global_colors_info=\u00bb{}\u00bb padding_last_edited=\u00bbon|desktop\u00bb custom_padding__hover=\u00bb|||\u00bb][et_pb_text admin_label=\u00bbTexte\u00bb _builder_version=\u00bb4.19.1&#8243; text_font_size=\u00bb17px\u00bb text_line_height=\u00bb1.5em\u00bb background_size=\u00bbinitial\u00bb background_position=\u00bbtop_left\u00bb background_repeat=\u00bbrepeat\u00bb custom_margin=\u00bb|||\u00bb custom_padding=\u00bb7vh|4vw|2vh|7vw|false|false\u00bb custom_padding_tablet=\u00bb90px|100px|90px|100px\u00bb custom_padding_phone=\u00bb90px|40px|90px|40px\u00bb custom_padding_last_edited=\u00bbon|desktop\u00bb hover_enabled=\u00bb0&#8243; use_border_color=\u00bboff\u00bb border_style=\u00bbsolid\u00bb global_colors_info=\u00bb{}\u00bb sticky_enabled=\u00bb0&#8243;]<\/p>\n<h2><img loading=\"lazy\" decoding=\"async\" src=\"http:\/\/profilinc.com\/es\/wp-content\/uploads\/sites\/5\/2022\/11\/professionnels-RH-talent-management.png\" width=\"100\" height=\"100\" alt=\"\" class=\"wp-image-29168 alignnone size-full\" \/><\/h2>\n<p>&nbsp;<\/p>\n<h2>Profesional de RRHH y gesti\u00f3n del talento<\/h2>\n<p>Potencia las actuaciones y programas de asesoramiento a talentos:<\/p>\n<ul>\n<li><strong>Identifica <\/strong>los deseos reales de los empleados y <strong>apoya el desarrollo de las competencias transversales cruciales <\/strong>para su \u00e9xito y el futuro de la empresa;<\/li>\n<li>Establece <strong>planes de sucesi\u00f3n <\/strong>s\u00f3lidos y eficaces;<\/li>\n<li><strong>Descubre y refuerza la diversidad del talento<\/strong>, en particular luchando contra los mecanismos de techo de cristal y cualquier fen\u00f3meno de autocensura;<\/li>\n<li><strong>Ahorra tiempo y eficacia <\/strong>en la confecci\u00f3n de planes de desarrollo adaptados y dispositivos <em>ad hoc <\/em>que contribuyan a su despliegue (formaci\u00f3n, asistencia, mentor\u00eda&#8230;), con el fin de contribuir al <strong>desarrollo <\/strong>y el <strong>compromiso de los talentos<\/strong>.<\/li>\n<\/ul>\n<p>[\/et_pb_text][\/et_pb_column][\/et_pb_row][et_pb_row column_structure=\u00bb1_2,1_2&#8243; use_custom_gutter=\u00bbon\u00bb gutter_width=\u00bb1&#8243; admin_label=\u00bbrow\u00bb module_class=\u00bb et_pb_row_fullwidth\u00bb _builder_version=\u00bb4.16&#8243; background_size=\u00bbinitial\u00bb background_position=\u00bbtop_left\u00bb background_repeat=\u00bbrepeat\u00bb width=\u00bb100%\u00bb width_tablet=\u00bb100%\u00bb width_phone=\u00bb\u00bb width_last_edited=\u00bbon|desktop\u00bb max_width=\u00bb100%\u00bb max_width_tablet=\u00bb100%\u00bb max_width_phone=\u00bb\u00bb max_width_last_edited=\u00bbon|desktop\u00bb custom_padding=\u00bb0px|0px|0px|0px\u00bb make_fullwidth=\u00bbon\u00bb use_custom_width=\u00bboff\u00bb width_unit=\u00bboff\u00bb custom_width_px=\u00bb1080px\u00bb custom_width_percent=\u00bb80%\u00bb global_colors_info=\u00bb{}\u00bb][et_pb_column type=\u00bb1_2&#8243; _builder_version=\u00bb4.16&#8243; custom_padding=\u00bb|||\u00bb global_colors_info=\u00bb{}\u00bb custom_padding__hover=\u00bb|||\u00bb][et_pb_text admin_label=\u00bbTexte\u00bb _builder_version=\u00bb4.19.1&#8243; text_font_size=\u00bb17px\u00bb text_line_height=\u00bb1.5em\u00bb background_size=\u00bbinitial\u00bb background_position=\u00bbtop_left\u00bb background_repeat=\u00bbrepeat\u00bb custom_padding=\u00bb90px|130px|90px|130px\u00bb custom_padding_tablet=\u00bb0px|100px|90px|100px\u00bb custom_padding_phone=\u00bb0px|40px|90px|40px\u00bb custom_padding_last_edited=\u00bbon|phone\u00bb hover_enabled=\u00bb0&#8243; use_border_color=\u00bboff\u00bb border_style=\u00bbsolid\u00bb global_colors_info=\u00bb{}\u00bb sticky_enabled=\u00bb0&#8243;]<\/p>\n<h1><img loading=\"lazy\" decoding=\"async\" src=\"http:\/\/profilinc.com\/es\/wp-content\/uploads\/sites\/5\/2022\/11\/professionnels-formation.png\" width=\"100\" height=\"100\" alt=\"\" class=\"wp-image-29170 alignnone size-full\" \/><\/h1>\n<p>&nbsp;<\/p>\n<h2>Profesional de la formaci\u00f3n<\/h2>\n<p><strong>Personaliza <\/strong><strong>los programas <\/strong>seg\u00fan el perfil de la persona y los objetivos de la empresa:<\/p>\n<ul>\n<li><strong>Desarrolla un liderazgo aut\u00e9ntico, <\/strong>propio de cada directivo, basado en motivaciones sostenibles y acorde con los valores de la empresa;<\/li>\n<li><strong>Proporciona a cada cual los medios para tomar o recuperar el control de su trayectoria profesional, <\/strong>y comprender y superar los mecanismos de autocensura;<\/li>\n<li><strong>Mejora la calidad de vida en el trabajo:<\/strong>\n<ul>\n<li>Proporciona de nuevo el <strong>sentido <\/strong>y refuerza el <strong>compromiso <\/strong>con motivaciones sostenibles y revitalizantes<\/li>\n<li>Detecta y calcula el riesgo de agotamiento y, de manera m\u00e1s general, los <strong>riesgos psicosociales.<\/strong><\/li>\n<\/ul>\n<\/li>\n<\/ul>\n<p>[\/et_pb_text][\/et_pb_column][et_pb_column type=\u00bb1_2&#8243; _builder_version=\u00bb4.16&#8243; custom_padding=\u00bb|||\u00bb global_colors_info=\u00bb{}\u00bb custom_padding__hover=\u00bb|||\u00bb][et_pb_image src=\u00bbhttp:\/\/profilinc.com\/es\/wp-content\/uploads\/sites\/5\/2022\/11\/Sans-titre-2.jpg\u00bb title_text=\u00bbprofesssionnels\u00bb align=\u00bbcenter\u00bb force_fullwidth=\u00bbon\u00bb align_tablet=\u00bbcenter\u00bb align_phone=\u00bb\u00bb align_last_edited=\u00bbon|desktop\u00bb admin_label=\u00bbImage\u00bb _builder_version=\u00bb4.16&#8243; animation_style=\u00bbslide\u00bb animation_direction=\u00bbright\u00bb animation_duration=\u00bb500ms\u00bb animation_intensity_slide=\u00bb10%\u00bb use_border_color=\u00bboff\u00bb border_color=\u00bb#ffffff\u00bb border_width=\u00bb1px\u00bb border_style=\u00bbsolid\u00bb animation=\u00bbright\u00bb sticky=\u00bboff\u00bb always_center_on_mobile=\u00bbon\u00bb global_colors_info=\u00bb{}\u00bb] [\/et_pb_image][\/et_pb_column][\/et_pb_row][\/et_pb_section]<\/p>\n","protected":false},"excerpt":{"rendered":"<p>Soluciones \u00bfEres un profesional del coaching? \u00bfTrabajas en selecci\u00f3n y contrataci\u00f3n de personal? \u00bfIntegras un equipo de RRHH y gestionas el talento? \u00bfEres formador? Descubre por qu\u00e9 profil&#8217;INC cumple tus expectativas: \u00a0 &nbsp; Profesional del coaching Con profil&#8217;INC, descubre el talento, refuerza las competencias, proporciona dinamismo y motivaci\u00f3n, y devuelve el sentido a la trayectoria [&hellip;]<\/p>\n","protected":false},"author":1,"featured_media":0,"parent":0,"menu_order":0,"comment_status":"closed","ping_status":"closed","template":"","meta":{"_et_pb_use_builder":"on","_et_pb_old_content":"","_et_gb_content_width":"","footnotes":""},"_links":{"self":[{"href":"https:\/\/profilinc.com\/es\/wp-json\/wp\/v2\/pages\/29559"}],"collection":[{"href":"https:\/\/profilinc.com\/es\/wp-json\/wp\/v2\/pages"}],"about":[{"href":"https:\/\/profilinc.com\/es\/wp-json\/wp\/v2\/types\/page"}],"author":[{"embeddable":true,"href":"https:\/\/profilinc.com\/es\/wp-json\/wp\/v2\/users\/1"}],"replies":[{"embeddable":true,"href":"https:\/\/profilinc.com\/es\/wp-json\/wp\/v2\/comments?post=29559"}],"version-history":[{"count":3,"href":"https:\/\/profilinc.com\/es\/wp-json\/wp\/v2\/pages\/29559\/revisions"}],"predecessor-version":[{"id":29563,"href":"https:\/\/profilinc.com\/es\/wp-json\/wp\/v2\/pages\/29559\/revisions\/29563"}],"wp:attachment":[{"href":"https:\/\/profilinc.com\/es\/wp-json\/wp\/v2\/media?parent=29559"}],"curies":[{"name":"wp","href":"https:\/\/api.w.org\/{rel}","templated":true}]}}